{"id":28,"date":"2022-05-26T11:49:30","date_gmt":"2022-05-26T09:49:30","guid":{"rendered":"http:\/\/hotcat3d.fr\/?page_id=28"},"modified":"2025-03-28T15:14:14","modified_gmt":"2025-03-28T14:14:14","slug":"accueil","status":"publish","type":"page","link":"https:\/\/hotcat3d.fr\/","title":{"rendered":"ACCUEIL"},"content":{"rendered":"\n<p>Bienvenue, <br>en tant que graphiste maquettiste, illustrateur et maintenant designer 3D<br>je vous propose ici des exemples de cr\u00e9ations et r\u00e9alisations dans le domaine 3D.<\/p>\n\n\n\n<p>Vous pouvez me contacter pour tout projet de r\u00e9alisation, je serai \u00e0 votre \u00e9coute.<\/p>\n\n\n\n<p>Vous pouvez retrouver mes illustrations et autres travaux graphique <strong><a href=\"http:\/\/thierry.chauchat2016.fr\/\" target=\"_blank\" rel=\"noreferrer noopener\">ici<\/a><\/strong><\/p>\n\n\n\n<p>A bient\u00f4t<\/p>\n","protected":false},"excerpt":{"rendered":"<p>Bienvenue, en tant que graphiste maquettiste, illustrateur et maintenant designer 3Dje vous propose ici des exemples de cr\u00e9ations et r\u00e9alisations dans le domaine 3D. Vous pouvez me contacter pour tout projet de r\u00e9alisation, je serai \u00e0 votre \u00e9coute. Vous pouvez &hellip; <a href=\"https:\/\/hotcat3d.fr\/\">Continuer la lecture <span class=\"meta-nav\">&rarr;<\/span><\/a><\/p>\n","protected":false},"author":1,"featured_media":0,"parent":0,"menu_order":0,"comment_status":"closed","ping_status":"closed","template":"","meta":{"ngg_post_thumbnail":0,"footnotes":""},"class_list":["post-28","page","type-page","status-publish","hentry"],"_links":{"self":[{"href":"https:\/\/hotcat3d.fr\/index.php\/wp-json\/wp\/v2\/pages\/28","targetHints":{"allow":["GET"]}}],"collection":[{"href":"https:\/\/hotcat3d.fr\/index.php\/wp-json\/wp\/v2\/pages"}],"about":[{"href":"https:\/\/hotcat3d.fr\/index.php\/wp-json\/wp\/v2\/types\/page"}],"author":[{"embeddable":true,"href":"https:\/\/hotcat3d.fr\/index.php\/wp-json\/wp\/v2\/users\/1"}],"replies":[{"embeddable":true,"href":"https:\/\/hotcat3d.fr\/index.php\/wp-json\/wp\/v2\/comments?post=28"}],"version-history":[{"count":3,"href":"https:\/\/hotcat3d.fr\/index.php\/wp-json\/wp\/v2\/pages\/28\/revisions"}],"predecessor-version":[{"id":373,"href":"https:\/\/hotcat3d.fr\/index.php\/wp-json\/wp\/v2\/pages\/28\/revisions\/373"}],"wp:attachment":[{"href":"https:\/\/hotcat3d.fr\/index.php\/wp-json\/wp\/v2\/media?parent=28"}],"curies":[{"name":"wp","href":"https:\/\/api.w.org\/{rel}","templated":true}]}}